{"id":60,"date":"2019-04-16T07:35:06","date_gmt":"2019-04-16T07:35:06","guid":{"rendered":"http:\/\/impreasso.de\/?page_id=60"},"modified":"2019-04-16T08:05:00","modified_gmt":"2019-04-16T08:05:00","slug":"beispiele-assoziationskarten-set-b","status":"publish","type":"page","link":"https:\/\/impreasso.de\/?page_id=60","title":{"rendered":"Beispiele Assoziationskarten Set B"},"content":{"rendered":"\n<p class=\"has-small-font-size\">32 Foto-Motive mit dem Schwerpunkt individuelle Beratung, Biografie-Arbeit, pers\u00f6nliche Entwicklung.<br><br>Die Bildkarten haben die Postkartengr\u00f6\u00dfe XL\/17,5 x 12 cm, sind durch ihre Gr\u00f6\u00dfe also gut f\u00fcr die Gruppenarbeit geeignet. Sie  befinden sich in einer stabilen, flachen Metallbox. Enthalten ist ein  Faltblatt mit Anwendungsbeispielen, auf Wunsch speziell f\u00fcr den  Unterricht.<\/p>\n\n\n\n<ul class=\"wp-block-gallery alignwide columns-3 is-cropped wp-block-gallery-1 is-layout-flex wp-block-gallery-is-layout-flex\"><li class=\"blocks-gallery-item\"><figure><a href=\"https:\/\/impreasso.de\/wp-content\/uploads\/2019\/04\/neugierig-kind-w2-1024x706.jpg\"><img loading=\"lazy\" decoding=\"async\" width=\"1024\" height=\"706\" src=\"https:\/\/impreasso.de\/wp-content\/uploads\/2019\/04\/neugierig-kind-w2-1024x706.jpg\" alt=\"\" data-id=\"67\" data-link=\"https:\/\/impreasso.de\/?attachment_id=67\" class=\"wp-image-67\" srcset=\"https:\/\/impreasso.de\/wp-content\/uploads\/2019\/04\/neugierig-kind-w2-1024x706.jpg 1024w, https:\/\/impreasso.de\/wp-content\/uploads\/2019\/04\/neugierig-kind-w2-300x207.jpg 300w, https:\/\/impreasso.de\/wp-content\/uploads\/2019\/04\/neugierig-kind-w2-768x529.jpg 768w, https:\/\/impreasso.de\/wp-content\/uploads\/2019\/04\/neugierig-kind-w2-2040x1406.jpg 2040w\" sizes=\"auto, (max-width: 1024px) 100vw, 1024px\" \/><\/a><\/figure><\/li><li class=\"blocks-gallery-item\"><figure><a href=\"https:\/\/impreasso.de\/wp-content\/uploads\/2019\/04\/vergeblich-w-1024x706.jpg\"><img loading=\"lazy\" decoding=\"async\" width=\"1024\" height=\"706\" src=\"https:\/\/impreasso.de\/wp-content\/uploads\/2019\/04\/vergeblich-w-1024x706.jpg\" alt=\"\" data-id=\"72\" data-link=\"https:\/\/impreasso.de\/?attachment_id=72\" class=\"wp-image-72\" srcset=\"https:\/\/impreasso.de\/wp-content\/uploads\/2019\/04\/vergeblich-w-1024x706.jpg 1024w, https:\/\/impreasso.de\/wp-content\/uploads\/2019\/04\/vergeblich-w-300x207.jpg 300w, https:\/\/impreasso.de\/wp-content\/uploads\/2019\/04\/vergeblich-w-768x529.jpg 768w, https:\/\/impreasso.de\/wp-content\/uploads\/2019\/04\/vergeblich-w-2040x1406.jpg 2040w\" sizes=\"auto, (max-width: 1024px) 100vw, 1024px\" \/><\/a><\/figure><\/li><li class=\"blocks-gallery-item\"><figure><a href=\"https:\/\/impreasso.de\/wp-content\/uploads\/2019\/04\/Q64A4416r-c-rgb-w2-1024x706.jpg\"><img loading=\"lazy\" decoding=\"async\" width=\"1024\" height=\"706\" src=\"https:\/\/impreasso.de\/wp-content\/uploads\/2019\/04\/Q64A4416r-c-rgb-w2-1024x706.jpg\" alt=\"\" data-id=\"70\" data-link=\"https:\/\/impreasso.de\/?attachment_id=70\" class=\"wp-image-70\" srcset=\"https:\/\/impreasso.de\/wp-content\/uploads\/2019\/04\/Q64A4416r-c-rgb-w2-1024x706.jpg 1024w, https:\/\/impreasso.de\/wp-content\/uploads\/2019\/04\/Q64A4416r-c-rgb-w2-300x207.jpg 300w, https:\/\/impreasso.de\/wp-content\/uploads\/2019\/04\/Q64A4416r-c-rgb-w2-768x529.jpg 768w, https:\/\/impreasso.de\/wp-content\/uploads\/2019\/04\/Q64A4416r-c-rgb-w2-2040x1406.jpg 2040w\" sizes=\"auto, (max-width: 1024px) 100vw, 1024px\" \/><\/a><\/figure><\/li><li class=\"blocks-gallery-item\"><figure><a href=\"https:\/\/impreasso.de\/wp-content\/uploads\/2019\/04\/fensterfront-B-15-w2-1024x706.jpg\"><img loading=\"lazy\" decoding=\"async\" width=\"1024\" height=\"706\" src=\"https:\/\/impreasso.de\/wp-content\/uploads\/2019\/04\/fensterfront-B-15-w2-1024x706.jpg\" alt=\"\" data-id=\"64\" data-link=\"https:\/\/impreasso.de\/?attachment_id=64\" class=\"wp-image-64\" srcset=\"https:\/\/impreasso.de\/wp-content\/uploads\/2019\/04\/fensterfront-B-15-w2-1024x706.jpg 1024w, https:\/\/impreasso.de\/wp-content\/uploads\/2019\/04\/fensterfront-B-15-w2-300x207.jpg 300w, https:\/\/impreasso.de\/wp-content\/uploads\/2019\/04\/fensterfront-B-15-w2-768x529.jpg 768w, https:\/\/impreasso.de\/wp-content\/uploads\/2019\/04\/fensterfront-B-15-w2-2040x1406.jpg 2040w\" sizes=\"auto, (max-width: 1024px) 100vw, 1024px\" \/><\/a><\/figure><\/li><li class=\"blocks-gallery-item\"><figure><a href=\"https:\/\/impreasso.de\/wp-content\/uploads\/2019\/04\/betongras-a14-rgb-w-1024x706.jpg\"><img loading=\"lazy\" decoding=\"async\" width=\"1024\" height=\"706\" src=\"https:\/\/impreasso.de\/wp-content\/uploads\/2019\/04\/betongras-a14-rgb-w-1024x706.jpg\" alt=\"\" data-id=\"61\" data-link=\"https:\/\/impreasso.de\/?attachment_id=61\" class=\"wp-image-61\" srcset=\"https:\/\/impreasso.de\/wp-content\/uploads\/2019\/04\/betongras-a14-rgb-w-1024x706.jpg 1024w, https:\/\/impreasso.de\/wp-content\/uploads\/2019\/04\/betongras-a14-rgb-w-300x207.jpg 300w, https:\/\/impreasso.de\/wp-content\/uploads\/2019\/04\/betongras-a14-rgb-w-768x529.jpg 768w, https:\/\/impreasso.de\/wp-content\/uploads\/2019\/04\/betongras-a14-rgb-w-2040x1406.jpg 2040w\" sizes=\"auto, (max-width: 1024px) 100vw, 1024px\" \/><\/a><\/figure><\/li><li class=\"blocks-gallery-item\"><figure><a href=\"https:\/\/impreasso.de\/wp-content\/uploads\/2019\/04\/DSC_1282r-a-rgb-w-1024x706.jpg\"><img loading=\"lazy\" decoding=\"async\" width=\"1024\" height=\"706\" src=\"https:\/\/impreasso.de\/wp-content\/uploads\/2019\/04\/DSC_1282r-a-rgb-w-1024x706.jpg\" alt=\"\" data-id=\"63\" data-link=\"https:\/\/impreasso.de\/?attachment_id=63\" class=\"wp-image-63\" srcset=\"https:\/\/impreasso.de\/wp-content\/uploads\/2019\/04\/DSC_1282r-a-rgb-w-1024x706.jpg 1024w, https:\/\/impreasso.de\/wp-content\/uploads\/2019\/04\/DSC_1282r-a-rgb-w-300x207.jpg 300w, https:\/\/impreasso.de\/wp-content\/uploads\/2019\/04\/DSC_1282r-a-rgb-w-768x529.jpg 768w, https:\/\/impreasso.de\/wp-content\/uploads\/2019\/04\/DSC_1282r-a-rgb-w-2040x1406.jpg 2040w\" sizes=\"auto, (max-width: 1024px) 100vw, 1024px\" \/><\/a><\/figure><\/li><li class=\"blocks-gallery-item\"><figure><a href=\"https:\/\/impreasso.de\/wp-content\/uploads\/2019\/04\/kopflos-a-10-w2-1-1024x706.jpg\"><img loading=\"lazy\" decoding=\"async\" width=\"1024\" height=\"706\" src=\"https:\/\/impreasso.de\/wp-content\/uploads\/2019\/04\/kopflos-a-10-w2-1-1024x706.jpg\" alt=\"\" data-id=\"66\" data-link=\"https:\/\/impreasso.de\/?attachment_id=66\" class=\"wp-image-66\" srcset=\"https:\/\/impreasso.de\/wp-content\/uploads\/2019\/04\/kopflos-a-10-w2-1-1024x706.jpg 1024w, https:\/\/impreasso.de\/wp-content\/uploads\/2019\/04\/kopflos-a-10-w2-1-300x207.jpg 300w, https:\/\/impreasso.de\/wp-content\/uploads\/2019\/04\/kopflos-a-10-w2-1-768x529.jpg 768w, https:\/\/impreasso.de\/wp-content\/uploads\/2019\/04\/kopflos-a-10-w2-1-2040x1406.jpg 2040w\" sizes=\"auto, (max-width: 1024px) 100vw, 1024px\" \/><\/a><\/figure><\/li><li class=\"blocks-gallery-item\"><figure><a href=\"https:\/\/impreasso.de\/wp-content\/uploads\/2019\/04\/jongleur04w-706x1024.jpg\"><img loading=\"lazy\" decoding=\"async\" width=\"706\" height=\"1024\" src=\"https:\/\/impreasso.de\/wp-content\/uploads\/2019\/04\/jongleur04w-706x1024.jpg\" alt=\"\" data-id=\"65\" data-link=\"https:\/\/impreasso.de\/?attachment_id=65\" class=\"wp-image-65\" srcset=\"https:\/\/impreasso.de\/wp-content\/uploads\/2019\/04\/jongleur04w-706x1024.jpg 706w, https:\/\/impreasso.de\/wp-content\/uploads\/2019\/04\/jongleur04w-207x300.jpg 207w, https:\/\/impreasso.de\/wp-content\/uploads\/2019\/04\/jongleur04w-768x1114.jpg 768w, https:\/\/impreasso.de\/wp-content\/uploads\/2019\/04\/jongleur04w.jpg 1441w\" sizes=\"auto, (max-width: 706px) 100vw, 706px\" \/><\/a><\/figure><\/li><li class=\"blocks-gallery-item\"><figure><a href=\"https:\/\/impreasso.de\/wp-content\/uploads\/2019\/04\/Q64A9807r-d-rgb-w-706x1024.jpg\"><img loading=\"lazy\" decoding=\"async\" width=\"706\" height=\"1024\" src=\"https:\/\/impreasso.de\/wp-content\/uploads\/2019\/04\/Q64A9807r-d-rgb-w-706x1024.jpg\" alt=\"\" data-id=\"71\" data-link=\"https:\/\/impreasso.de\/?attachment_id=71\" class=\"wp-image-71\" srcset=\"https:\/\/impreasso.de\/wp-content\/uploads\/2019\/04\/Q64A9807r-d-rgb-w-706x1024.jpg 706w, https:\/\/impreasso.de\/wp-content\/uploads\/2019\/04\/Q64A9807r-d-rgb-w-207x300.jpg 207w, https:\/\/impreasso.de\/wp-content\/uploads\/2019\/04\/Q64A9807r-d-rgb-w-768x1114.jpg 768w, https:\/\/impreasso.de\/wp-content\/uploads\/2019\/04\/Q64A9807r-d-rgb-w.jpg 1441w\" sizes=\"auto, (max-width: 706px) 100vw, 706px\" \/><\/a><\/figure><\/li><li class=\"blocks-gallery-item\"><figure><a href=\"https:\/\/impreasso.de\/wp-content\/uploads\/2019\/04\/Q64A3256r-a-rgb-w-1-1024x706.jpg\"><img loading=\"lazy\" decoding=\"async\" width=\"1024\" height=\"706\" src=\"https:\/\/impreasso.de\/wp-content\/uploads\/2019\/04\/Q64A3256r-a-rgb-w-1-1024x706.jpg\" alt=\"\" data-id=\"69\" data-link=\"https:\/\/impreasso.de\/?attachment_id=69\" class=\"wp-image-69\" srcset=\"https:\/\/impreasso.de\/wp-content\/uploads\/2019\/04\/Q64A3256r-a-rgb-w-1-1024x706.jpg 1024w, https:\/\/impreasso.de\/wp-content\/uploads\/2019\/04\/Q64A3256r-a-rgb-w-1-300x207.jpg 300w, https:\/\/impreasso.de\/wp-content\/uploads\/2019\/04\/Q64A3256r-a-rgb-w-1-768x529.jpg 768w, https:\/\/impreasso.de\/wp-content\/uploads\/2019\/04\/Q64A3256r-a-rgb-w-1-2040x1406.jpg 2040w\" sizes=\"auto, (max-width: 1024px) 100vw, 1024px\" \/><\/a><\/figure><\/li><li class=\"blocks-gallery-item\"><figure><a href=\"https:\/\/impreasso.de\/wp-content\/uploads\/2019\/04\/DSC01214a-w2-1024x681.jpg\"><img loading=\"lazy\" decoding=\"async\" width=\"1024\" height=\"681\" src=\"https:\/\/impreasso.de\/wp-content\/uploads\/2019\/04\/DSC01214a-w2-1024x681.jpg\" alt=\"\" data-id=\"62\" data-link=\"https:\/\/impreasso.de\/?attachment_id=62\" class=\"wp-image-62\" srcset=\"https:\/\/impreasso.de\/wp-content\/uploads\/2019\/04\/DSC01214a-w2-1024x681.jpg 1024w, https:\/\/impreasso.de\/wp-content\/uploads\/2019\/04\/DSC01214a-w2-300x200.jpg 300w, https:\/\/impreasso.de\/wp-content\/uploads\/2019\/04\/DSC01214a-w2-768x511.jpg 768w, https:\/\/impreasso.de\/wp-content\/uploads\/2019\/04\/DSC01214a-w2-2040x1358.jpg 2040w\" sizes=\"auto, (max-width: 1024px) 100vw, 1024px\" \/><\/a><figcaption>SONY DSC<\/figcaption><\/figure><\/li><li class=\"blocks-gallery-item\"><figure><a href=\"https:\/\/impreasso.de\/wp-content\/uploads\/2019\/04\/Q64A2824r-b-rgb-w-1024x706.jpg\"><img loading=\"lazy\" decoding=\"async\" width=\"1024\" height=\"706\" src=\"https:\/\/impreasso.de\/wp-content\/uploads\/2019\/04\/Q64A2824r-b-rgb-w-1024x706.jpg\" alt=\"\" data-id=\"68\" data-link=\"https:\/\/impreasso.de\/?attachment_id=68\" class=\"wp-image-68\" srcset=\"https:\/\/impreasso.de\/wp-content\/uploads\/2019\/04\/Q64A2824r-b-rgb-w-1024x706.jpg 1024w, https:\/\/impreasso.de\/wp-content\/uploads\/2019\/04\/Q64A2824r-b-rgb-w-300x207.jpg 300w, https:\/\/impreasso.de\/wp-content\/uploads\/2019\/04\/Q64A2824r-b-rgb-w-768x529.jpg 768w, https:\/\/impreasso.de\/wp-content\/uploads\/2019\/04\/Q64A2824r-b-rgb-w-2040x1406.jpg 2040w\" sizes=\"auto, (max-width: 1024px) 100vw, 1024px\" \/><\/a><\/figure><\/li><\/ul>\n","protected":false},"excerpt":{"rendered":"<p>32 Foto-Motive mit dem Schwerpunkt individuelle Beratung, Biografie-Arbeit, pers\u00f6nliche Entwicklung. Die Bildkarten haben die Postkartengr\u00f6\u00dfe XL\/17,5 x 12 cm, sind durch ihre Gr\u00f6\u00dfe also gut f\u00fcr die Gruppenarbeit geeignet. Sie befinden sich in einer stabilen, flachen Metallbox. Enthalten ist ein Faltblatt mit Anwendungsbeispielen, auf Wunsch speziell f\u00fcr den Unterricht.<\/p>\n","protected":false},"author":1,"featured_media":0,"parent":0,"menu_order":0,"comment_status":"closed","ping_status":"closed","template":"","meta":{"footnotes":""},"class_list":["post-60","page","type-page","status-publish","hentry"],"_links":{"self":[{"href":"https:\/\/impreasso.de\/index.php?rest_route=\/wp\/v2\/pages\/60","targetHints":{"allow":["GET"]}}],"collection":[{"href":"https:\/\/impreasso.de\/index.php?rest_route=\/wp\/v2\/pages"}],"about":[{"href":"https:\/\/impreasso.de\/index.php?rest_route=\/wp\/v2\/types\/page"}],"author":[{"embeddable":true,"href":"https:\/\/impreasso.de\/index.php?rest_route=\/wp\/v2\/users\/1"}],"replies":[{"embeddable":true,"href":"https:\/\/impreasso.de\/index.php?rest_route=%2Fwp%2Fv2%2Fcomments&post=60"}],"version-history":[{"count":4,"href":"https:\/\/impreasso.de\/index.php?rest_route=\/wp\/v2\/pages\/60\/revisions"}],"predecessor-version":[{"id":135,"href":"https:\/\/impreasso.de\/index.php?rest_route=\/wp\/v2\/pages\/60\/revisions\/135"}],"wp:attachment":[{"href":"https:\/\/impreasso.de\/index.php?rest_route=%2Fwp%2Fv2%2Fmedia&parent=60"}],"curies":[{"name":"wp","href":"https:\/\/api.w.org\/{rel}","templated":true}]}}