{"id":42,"date":"2019-04-16T07:28:04","date_gmt":"2019-04-16T07:28:04","guid":{"rendered":"http:\/\/impreasso.de\/?page_id=42"},"modified":"2019-04-16T07:32:20","modified_gmt":"2019-04-16T07:32:20","slug":"beispiele-assoziationskarten-set-a","status":"publish","type":"page","link":"https:\/\/impreasso.de\/?page_id=42","title":{"rendered":"Beispiele Assoziationskarten Set A"},"content":{"rendered":"\n<p class=\"has-small-font-size\">32 Foto-Motive mit dem Schwerpunkt Gruppenarbeit, Teamentwicklung, Coaching und Supervision.<br><br>Die Bildkarten haben die Postkartengr\u00f6\u00dfe XL \/ 17,5x12cm, sind durch ihre Gr\u00f6\u00dfe also gut f\u00fcr die Gruppenarbeit geeignet. Sie  befinden sich in einer stabilen, flachen Metallbox. Enthalten ist ein  Faltblatt mit Anwendungsbeispielen, auf Wunsch speziell f\u00fcr den  Unterricht.<\/p>\n\n\n\n<ul class=\"wp-block-gallery alignwide columns-3 is-cropped wp-block-gallery-1 is-layout-flex wp-block-gallery-is-layout-flex\"><li class=\"blocks-gallery-item\"><figure><a href=\"https:\/\/impreasso.de\/wp-content\/uploads\/2019\/04\/Q64A3940r-d-rgb-w-1-1024x706.jpg\"><img loading=\"lazy\" decoding=\"async\" width=\"1024\" height=\"706\" src=\"https:\/\/impreasso.de\/wp-content\/uploads\/2019\/04\/Q64A3940r-d-rgb-w-1-1024x706.jpg\" alt=\"\" data-id=\"47\" data-link=\"https:\/\/impreasso.de\/?attachment_id=47\" class=\"wp-image-47\" srcset=\"https:\/\/impreasso.de\/wp-content\/uploads\/2019\/04\/Q64A3940r-d-rgb-w-1-1024x706.jpg 1024w, https:\/\/impreasso.de\/wp-content\/uploads\/2019\/04\/Q64A3940r-d-rgb-w-1-300x207.jpg 300w, https:\/\/impreasso.de\/wp-content\/uploads\/2019\/04\/Q64A3940r-d-rgb-w-1-768x529.jpg 768w, https:\/\/impreasso.de\/wp-content\/uploads\/2019\/04\/Q64A3940r-d-rgb-w-1-2040x1406.jpg 2040w\" sizes=\"auto, (max-width: 1024px) 100vw, 1024px\" \/><\/a><\/figure><\/li><li class=\"blocks-gallery-item\"><figure><a href=\"https:\/\/impreasso.de\/wp-content\/uploads\/2019\/04\/teamproblem-1024x706.jpg\"><img loading=\"lazy\" decoding=\"async\" width=\"1024\" height=\"706\" src=\"https:\/\/impreasso.de\/wp-content\/uploads\/2019\/04\/teamproblem-1024x706.jpg\" alt=\"\" data-id=\"53\" data-link=\"https:\/\/impreasso.de\/?attachment_id=53\" class=\"wp-image-53\" srcset=\"https:\/\/impreasso.de\/wp-content\/uploads\/2019\/04\/teamproblem-1024x706.jpg 1024w, https:\/\/impreasso.de\/wp-content\/uploads\/2019\/04\/teamproblem-300x207.jpg 300w, https:\/\/impreasso.de\/wp-content\/uploads\/2019\/04\/teamproblem-768x529.jpg 768w, https:\/\/impreasso.de\/wp-content\/uploads\/2019\/04\/teamproblem-2040x1406.jpg 2040w\" sizes=\"auto, (max-width: 1024px) 100vw, 1024px\" \/><\/a><\/figure><\/li><li class=\"blocks-gallery-item\"><figure><a href=\"https:\/\/impreasso.de\/wp-content\/uploads\/2019\/04\/fels-in-der-brandung-1024x706.jpg\"><img loading=\"lazy\" decoding=\"async\" width=\"1024\" height=\"706\" src=\"https:\/\/impreasso.de\/wp-content\/uploads\/2019\/04\/fels-in-der-brandung-1024x706.jpg\" alt=\"\" data-id=\"45\" data-link=\"https:\/\/impreasso.de\/?attachment_id=45\" class=\"wp-image-45\" srcset=\"https:\/\/impreasso.de\/wp-content\/uploads\/2019\/04\/fels-in-der-brandung-1024x706.jpg 1024w, https:\/\/impreasso.de\/wp-content\/uploads\/2019\/04\/fels-in-der-brandung-300x207.jpg 300w, https:\/\/impreasso.de\/wp-content\/uploads\/2019\/04\/fels-in-der-brandung-768x529.jpg 768w, https:\/\/impreasso.de\/wp-content\/uploads\/2019\/04\/fels-in-der-brandung-2040x1406.jpg 2040w\" sizes=\"auto, (max-width: 1024px) 100vw, 1024px\" \/><\/a><\/figure><\/li><li class=\"blocks-gallery-item\"><figure><a href=\"https:\/\/impreasso.de\/wp-content\/uploads\/2019\/04\/auf-reisen-1024x706.jpg\"><img loading=\"lazy\" decoding=\"async\" width=\"1024\" height=\"706\" src=\"https:\/\/impreasso.de\/wp-content\/uploads\/2019\/04\/auf-reisen-1024x706.jpg\" alt=\"\" data-id=\"43\" data-link=\"https:\/\/impreasso.de\/?attachment_id=43\" class=\"wp-image-43\" srcset=\"https:\/\/impreasso.de\/wp-content\/uploads\/2019\/04\/auf-reisen-1024x706.jpg 1024w, https:\/\/impreasso.de\/wp-content\/uploads\/2019\/04\/auf-reisen-300x207.jpg 300w, https:\/\/impreasso.de\/wp-content\/uploads\/2019\/04\/auf-reisen-768x529.jpg 768w, https:\/\/impreasso.de\/wp-content\/uploads\/2019\/04\/auf-reisen-2040x1406.jpg 2040w\" sizes=\"auto, (max-width: 1024px) 100vw, 1024px\" \/><\/a><\/figure><\/li><li class=\"blocks-gallery-item\"><figure><a href=\"https:\/\/impreasso.de\/wp-content\/uploads\/2019\/04\/Q64A4913r-d-rgb-w-706x1024.jpg\"><img loading=\"lazy\" decoding=\"async\" width=\"706\" height=\"1024\" src=\"https:\/\/impreasso.de\/wp-content\/uploads\/2019\/04\/Q64A4913r-d-rgb-w-706x1024.jpg\" alt=\"\" data-id=\"49\" data-link=\"https:\/\/impreasso.de\/?attachment_id=49\" class=\"wp-image-49\" srcset=\"https:\/\/impreasso.de\/wp-content\/uploads\/2019\/04\/Q64A4913r-d-rgb-w-706x1024.jpg 706w, https:\/\/impreasso.de\/wp-content\/uploads\/2019\/04\/Q64A4913r-d-rgb-w-207x300.jpg 207w, https:\/\/impreasso.de\/wp-content\/uploads\/2019\/04\/Q64A4913r-d-rgb-w-768x1114.jpg 768w, https:\/\/impreasso.de\/wp-content\/uploads\/2019\/04\/Q64A4913r-d-rgb-w.jpg 1441w\" sizes=\"auto, (max-width: 706px) 100vw, 706px\" \/><\/a><\/figure><\/li><li class=\"blocks-gallery-item\"><figure><a href=\"https:\/\/impreasso.de\/wp-content\/uploads\/2019\/04\/Q64A7266r-d-rgb-w-1024x706.jpg\"><img loading=\"lazy\" decoding=\"async\" width=\"1024\" height=\"706\" src=\"https:\/\/impreasso.de\/wp-content\/uploads\/2019\/04\/Q64A7266r-d-rgb-w-1024x706.jpg\" alt=\"\" data-id=\"52\" data-link=\"https:\/\/impreasso.de\/?attachment_id=52\" class=\"wp-image-52\" srcset=\"https:\/\/impreasso.de\/wp-content\/uploads\/2019\/04\/Q64A7266r-d-rgb-w-1024x706.jpg 1024w, https:\/\/impreasso.de\/wp-content\/uploads\/2019\/04\/Q64A7266r-d-rgb-w-300x207.jpg 300w, https:\/\/impreasso.de\/wp-content\/uploads\/2019\/04\/Q64A7266r-d-rgb-w-768x529.jpg 768w, https:\/\/impreasso.de\/wp-content\/uploads\/2019\/04\/Q64A7266r-d-rgb-w-2040x1406.jpg 2040w\" sizes=\"auto, (max-width: 1024px) 100vw, 1024px\" \/><\/a><\/figure><\/li><li class=\"blocks-gallery-item\"><figure><a href=\"https:\/\/impreasso.de\/wp-content\/uploads\/2019\/04\/Q64A5742r-b-rgb-w-1024x706.jpg\"><img loading=\"lazy\" decoding=\"async\" width=\"1024\" height=\"706\" src=\"https:\/\/impreasso.de\/wp-content\/uploads\/2019\/04\/Q64A5742r-b-rgb-w-1024x706.jpg\" alt=\"\" data-id=\"51\" data-link=\"https:\/\/impreasso.de\/?attachment_id=51\" class=\"wp-image-51\" srcset=\"https:\/\/impreasso.de\/wp-content\/uploads\/2019\/04\/Q64A5742r-b-rgb-w-1024x706.jpg 1024w, https:\/\/impreasso.de\/wp-content\/uploads\/2019\/04\/Q64A5742r-b-rgb-w-300x207.jpg 300w, https:\/\/impreasso.de\/wp-content\/uploads\/2019\/04\/Q64A5742r-b-rgb-w-768x529.jpg 768w, https:\/\/impreasso.de\/wp-content\/uploads\/2019\/04\/Q64A5742r-b-rgb-w-2040x1406.jpg 2040w\" sizes=\"auto, (max-width: 1024px) 100vw, 1024px\" \/><\/a><\/figure><\/li><li class=\"blocks-gallery-item\"><figure><a href=\"https:\/\/impreasso.de\/wp-content\/uploads\/2019\/04\/untertauchen-1024x706.jpg\"><img loading=\"lazy\" decoding=\"async\" width=\"1024\" height=\"706\" src=\"https:\/\/impreasso.de\/wp-content\/uploads\/2019\/04\/untertauchen-1024x706.jpg\" alt=\"\" data-id=\"54\" data-link=\"https:\/\/impreasso.de\/?attachment_id=54\" class=\"wp-image-54\" srcset=\"https:\/\/impreasso.de\/wp-content\/uploads\/2019\/04\/untertauchen-1024x706.jpg 1024w, https:\/\/impreasso.de\/wp-content\/uploads\/2019\/04\/untertauchen-300x207.jpg 300w, https:\/\/impreasso.de\/wp-content\/uploads\/2019\/04\/untertauchen-768x529.jpg 768w, https:\/\/impreasso.de\/wp-content\/uploads\/2019\/04\/untertauchen-2040x1406.jpg 2040w\" sizes=\"auto, (max-width: 1024px) 100vw, 1024px\" \/><\/a><\/figure><\/li><li class=\"blocks-gallery-item\"><figure><a href=\"https:\/\/impreasso.de\/wp-content\/uploads\/2019\/04\/Q64A4853r-d-rgb-w-1024x706.jpg\"><img loading=\"lazy\" decoding=\"async\" width=\"1024\" height=\"706\" src=\"https:\/\/impreasso.de\/wp-content\/uploads\/2019\/04\/Q64A4853r-d-rgb-w-1024x706.jpg\" alt=\"\" data-id=\"48\" data-link=\"https:\/\/impreasso.de\/?attachment_id=48\" class=\"wp-image-48\" srcset=\"https:\/\/impreasso.de\/wp-content\/uploads\/2019\/04\/Q64A4853r-d-rgb-w-1024x706.jpg 1024w, https:\/\/impreasso.de\/wp-content\/uploads\/2019\/04\/Q64A4853r-d-rgb-w-300x207.jpg 300w, https:\/\/impreasso.de\/wp-content\/uploads\/2019\/04\/Q64A4853r-d-rgb-w-768x529.jpg 768w, https:\/\/impreasso.de\/wp-content\/uploads\/2019\/04\/Q64A4853r-d-rgb-w-2040x1406.jpg 2040w\" sizes=\"auto, (max-width: 1024px) 100vw, 1024px\" \/><\/a><\/figure><\/li><li class=\"blocks-gallery-item\"><figure><a href=\"https:\/\/impreasso.de\/wp-content\/uploads\/2019\/04\/boot-gestrandet-d-w2-1024x706.jpg\"><img loading=\"lazy\" decoding=\"async\" width=\"1024\" height=\"706\" src=\"https:\/\/impreasso.de\/wp-content\/uploads\/2019\/04\/boot-gestrandet-d-w2-1024x706.jpg\" alt=\"\" data-id=\"44\" data-link=\"https:\/\/impreasso.de\/?attachment_id=44\" class=\"wp-image-44\" srcset=\"https:\/\/impreasso.de\/wp-content\/uploads\/2019\/04\/boot-gestrandet-d-w2-1024x706.jpg 1024w, https:\/\/impreasso.de\/wp-content\/uploads\/2019\/04\/boot-gestrandet-d-w2-300x207.jpg 300w, https:\/\/impreasso.de\/wp-content\/uploads\/2019\/04\/boot-gestrandet-d-w2-768x529.jpg 768w, https:\/\/impreasso.de\/wp-content\/uploads\/2019\/04\/boot-gestrandet-d-w2-2040x1406.jpg 2040w\" sizes=\"auto, (max-width: 1024px) 100vw, 1024px\" \/><\/a><\/figure><\/li><li class=\"blocks-gallery-item\"><figure><a href=\"https:\/\/impreasso.de\/wp-content\/uploads\/2019\/04\/Q64A5082r-c-rgb-w-1024x706.jpg\"><img loading=\"lazy\" decoding=\"async\" width=\"1024\" height=\"706\" src=\"https:\/\/impreasso.de\/wp-content\/uploads\/2019\/04\/Q64A5082r-c-rgb-w-1024x706.jpg\" alt=\"\" data-id=\"50\" data-link=\"https:\/\/impreasso.de\/?attachment_id=50\" class=\"wp-image-50\" srcset=\"https:\/\/impreasso.de\/wp-content\/uploads\/2019\/04\/Q64A5082r-c-rgb-w-1024x706.jpg 1024w, https:\/\/impreasso.de\/wp-content\/uploads\/2019\/04\/Q64A5082r-c-rgb-w-300x207.jpg 300w, https:\/\/impreasso.de\/wp-content\/uploads\/2019\/04\/Q64A5082r-c-rgb-w-768x529.jpg 768w, https:\/\/impreasso.de\/wp-content\/uploads\/2019\/04\/Q64A5082r-c-rgb-w-2040x1406.jpg 2040w\" sizes=\"auto, (max-width: 1024px) 100vw, 1024px\" \/><\/a><\/figure><\/li><li class=\"blocks-gallery-item\"><figure><a href=\"https:\/\/impreasso.de\/wp-content\/uploads\/2019\/04\/Q64A2446r-b-rgb-w-706x1024.jpg\"><img loading=\"lazy\" decoding=\"async\" width=\"706\" height=\"1024\" src=\"https:\/\/impreasso.de\/wp-content\/uploads\/2019\/04\/Q64A2446r-b-rgb-w-706x1024.jpg\" alt=\"\" data-id=\"46\" data-link=\"https:\/\/impreasso.de\/?attachment_id=46\" class=\"wp-image-46\" srcset=\"https:\/\/impreasso.de\/wp-content\/uploads\/2019\/04\/Q64A2446r-b-rgb-w-706x1024.jpg 706w, https:\/\/impreasso.de\/wp-content\/uploads\/2019\/04\/Q64A2446r-b-rgb-w-207x300.jpg 207w, https:\/\/impreasso.de\/wp-content\/uploads\/2019\/04\/Q64A2446r-b-rgb-w-768x1114.jpg 768w, https:\/\/impreasso.de\/wp-content\/uploads\/2019\/04\/Q64A2446r-b-rgb-w.jpg 1441w\" sizes=\"auto, (max-width: 706px) 100vw, 706px\" \/><\/a><\/figure><\/li><\/ul>\n","protected":false},"excerpt":{"rendered":"<p>32 Foto-Motive mit dem Schwerpunkt Gruppenarbeit, Teamentwicklung, Coaching und Supervision. Die Bildkarten haben die Postkartengr\u00f6\u00dfe XL \/ 17,5x12cm, sind durch ihre Gr\u00f6\u00dfe also gut f\u00fcr die Gruppenarbeit geeignet. Sie befinden sich in einer stabilen, flachen Metallbox. Enthalten ist ein Faltblatt mit Anwendungsbeispielen, auf Wunsch speziell f\u00fcr den Unterricht.<\/p>\n","protected":false},"author":1,"featured_media":0,"parent":0,"menu_order":0,"comment_status":"closed","ping_status":"closed","template":"","meta":{"footnotes":""},"class_list":["post-42","page","type-page","status-publish","hentry"],"_links":{"self":[{"href":"https:\/\/impreasso.de\/index.php?rest_route=\/wp\/v2\/pages\/42","targetHints":{"allow":["GET"]}}],"collection":[{"href":"https:\/\/impreasso.de\/index.php?rest_route=\/wp\/v2\/pages"}],"about":[{"href":"https:\/\/impreasso.de\/index.php?rest_route=\/wp\/v2\/types\/page"}],"author":[{"embeddable":true,"href":"https:\/\/impreasso.de\/index.php?rest_route=\/wp\/v2\/users\/1"}],"replies":[{"embeddable":true,"href":"https:\/\/impreasso.de\/index.php?rest_route=%2Fwp%2Fv2%2Fcomments&post=42"}],"version-history":[{"count":4,"href":"https:\/\/impreasso.de\/index.php?rest_route=\/wp\/v2\/pages\/42\/revisions"}],"predecessor-version":[{"id":59,"href":"https:\/\/impreasso.de\/index.php?rest_route=\/wp\/v2\/pages\/42\/revisions\/59"}],"wp:attachment":[{"href":"https:\/\/impreasso.de\/index.php?rest_route=%2Fwp%2Fv2%2Fmedia&parent=42"}],"curies":[{"name":"wp","href":"https:\/\/api.w.org\/{rel}","templated":true}]}}