{"id":30,"date":"2019-04-16T07:12:39","date_gmt":"2019-04-16T07:12:39","guid":{"rendered":"http:\/\/impreasso.de\/?page_id=30"},"modified":"2019-04-16T07:12:40","modified_gmt":"2019-04-16T07:12:40","slug":"datenschutz-impressum","status":"publish","type":"page","link":"https:\/\/impreasso.de\/?page_id=30","title":{"rendered":"Datenschutz \/ Impressum"},"content":{"rendered":"\n<p class=\"has-small-font-size\">Datenschutzerkl\u00e4rung<\/p>\n\n\n\n<p class=\"has-small-font-size\">Keine Weitergabe<br>Eine Weitergabe pers\u00f6nlicher Daten an Dritte erfolgt nicht. Die Nutzung unserer Webseite ist ohne Angabe personenbezogener Daten m\u00f6glich. Soweit auf unseren Seiten personenbezogene Daten (beispielsweise Name, Anschrift oder E-Mail-Adressen) erhoben werden, erfolgt dies in der Regel im Rahmen des Bestellvorgangs. Diese Daten werden nicht an Dritte weitergegeben.<\/p>\n\n\n\n<p class=\"has-small-font-size\">Wir weisen darauf hin, dass generell die Daten\u00fcbertragung im Internet (z.B. bei der Kommunikation per E-Mail) Sicherheitsl\u00fccken aufweisen kann.<\/p>\n\n\n\n<p class=\"has-small-font-size\">Der Nutzung von im Rahmen der Impressumspflicht ver\u00f6ffentlichten Kontaktdaten durch Dritte zur \u00dcbersendung von nicht ausdr\u00fccklich angeforderter Werbung und Informationsmaterialien wird hiermit ausdr\u00fccklich widersprochen. Die Betreiber der Seiten behalten sich ausdr\u00fccklich rechtliche Schritte im Falle der unverlangten Zusendung von Werbeinformationen, etwa durch Spam-Mails, vor.<\/p>\n\n\n\n<p class=\"has-small-font-size\">Haftung f\u00fcr Links<br>Unsere Internetseite enth\u00e4lt Links zu externen Webseiten Dritter, auf deren Inhalte wir keinen Einfluss haben. Deshalb k\u00f6nnen wir f\u00fcr diese fremden Inhalte auch keine Gew\u00e4hr \u00fcbernehmen. F\u00fcr die Inhalte der verlinkten Seiten ist stets der jeweilige Anbieter oder Betreiber der Seiten verantwortlich. Die verlinkten Seiten wurden zum Zeitpunkt der Verlinkung auf m\u00f6gliche Rechtsverst\u00f6\u00dfe \u00fcberpr\u00fcft. Rechtswidrige Inhalte waren zum Zeitpunkt der Verlinkung nicht erkennbar. Eine permanente inhaltliche Kontrolle der verlinkten Seiten ist jedoch ohne konkrete Anhaltspunkte einer Rechtsverletzung nicht zumutbar. Bei Bekanntwerden von Rechtsverletzungen werden wir derartige Links umgehend entfernen.<\/p>\n\n\n\n<p class=\"has-small-font-size\">Der Schutz Ihrer personenbezogenen Daten anl\u00e4sslich des Besuches unserer Internetseite ist uns ein wichtiges Anliegen. Deshalb beachten wir die gesetzlichen Bestimmungen zum Datenschutz, insbesondere die Datenschutz-Grundverordnung (DSGVO), das Bundesdatenschutzgesetz (BDSG), das Telemediengesetz (TMG) sowie die datenschutzrechtlichen Bestimmungen der einzelnen Bundesl\u00e4nder. Die Erhebung, Speicherung, Verarbeitung und Nutzung Ihrer pers\u00f6nlichen Daten erfolgen ausschlie\u00dflich nach Ma\u00dfgabe der nachfolgenden Datenschutzerkl\u00e4rung. Verantwortlicher f\u00fcr die Datenverarbeitung auf dieser Website im Sinne der Datenschutz-Grundverordnung (DSGVO) ist<\/p>\n\n\n\n<p class=\"has-small-font-size\">impreasso-fotos Obernhainer Weg 40 61273 Wehrheim E-Mail:foto@impreasso.de<\/p>\n\n\n\n<p class=\"has-small-font-size\">ERHEBUNG, SPEICHERUNG, VERARBEITUNG UND NUTZUNG VON PERSONENBEZOGENEN DATEN Alle Daten, die Sie uns \u00fcbermitteln, verwenden wir zur Erf\u00fcllung und Abwicklung Ihres Auftrags und diese werden von uns selbstverst\u00e4ndlich vertraulich behandelt. Wir stellen Ihre Daten grunds\u00e4tzlich nicht anderen zur Nutzung zur Verf\u00fcgung, es sei denn, Sie haben hierzu Ihre Einwilligung erkl\u00e4rt oder wir sind zur Preisgabe dieser Daten aufgrund von beh\u00f6rdlichen oder gerichtlichen Anordnung verpflichtet. Wenn Sie \u00fcber die Website einen Kauf t\u00e4tigen oder versuchen, einen Kauf zu t\u00e4tigen, erfassen wir au\u00dferdem bestimmte Informationen von Ihnen, einschlie\u00dflich Ihres Namens, Ihrer Rechnungsadresse, Ihrer Lieferadresse, Ihrer E-Mail-Adresse und Ihrer Telefonnummer. Wir verwenden die erfassten Bestellinformationen, um alle \u00fcber die Website aufgegebenen Bestellungen auszuf\u00fchren. Wir verwenden die von Ihnen mitgeteilten personenbezogenen Daten gem\u00e4\u00df den Bestimmungen des deutschen Datenschutzrechts. Ihre personenbezogenen Daten, soweit diese f\u00fcr die Begr\u00fcndung, inhaltliche Ausgestaltung oder \u00c4nderung des Vertragsverh\u00e4ltnisses erforderlich sind (Bestandsdaten), werden ausschlie\u00dflich zur Abwicklung der zwischen uns geschlossenen Vertr\u00e4ge verwendet. Eine dar\u00fcber hinausgehende Nutzung Ihrer Bestandsdaten zu Zwecken der Marktforschung oder zur bedarfsgerechten Gestaltung unserer Angebote findet nicht statt.<\/p>\n\n\n\n<p class=\"has-small-font-size\">Datenerfassung beim Besuch unserer Website Bei der blo\u00df informatorischen Nutzung unserer Website, also wenn Sie sich nicht registrieren oder uns anderweitig Informationen \u00fcbermitteln, erheben wir nur solche Daten, die Ihr Browser an unseren Server \u00fcbermittelt (sog. \u201eServer-Logfiles\u201c). Wenn Sie unsere Website aufrufen, erheben wir die folgenden Daten, die f\u00fcr uns technisch erforderlich sind, um Ihnen die Website anzuzeigen: Unsere besuchte Website Datum und Uhrzeit zum Zeitpunkt des Zugriffes Menge der gesendeten Daten in Byte Quelle\/Verweis, von welchem Sie auf die Seite gelangten Verwendeter Browser Verwendetes Betriebssystem Verwendete IP-Adresse (ggf.: in anonymisierter Form) Die Verarbeitung erfolgt gem\u00e4\u00df Art. 6 Abs. 1 lit. f DSGVO auf Basis unseres berechtigten Interesses an der Verbesserung der Stabilit\u00e4t und Funktionalit\u00e4t unserer Website. Eine Weitergabe oder anderweitige Verwendung der Daten findet nicht statt. Wir behalten uns allerdings vor, die Server-Logfiles nachtr\u00e4glich zu \u00fcberpr\u00fcfen, sollten konkrete Anhaltspunkte auf eine rechtswidrige Nutzung hinweisen.<\/p>\n\n\n\n<p class=\"has-small-font-size\">DAUER DER SPEICHERUNG PERSONENBEZOGENER DATEN Die uns von Ihnen zur Verf\u00fcgung gestellten Daten werden von uns nur solange gespeichert, wie es f\u00fcr die Erf\u00fcllung des jeweiligen Zwecks, f\u00fcr den wir Ihre Daten zul\u00e4ssigerweise erhoben haben, oder f\u00fcr die Einhaltung gesetzlicher Bestimmungen erforderlich ist.<\/p>\n\n\n\n<p class=\"has-small-font-size\">COOKIES Wir verwenden keine Cookies.<\/p>\n\n\n\n<p class=\"has-small-font-size\">Rechte des Betroffenen Das geltende Datenschutzrecht gew\u00e4hrt Ihnen gegen\u00fcber dem Verantwortlichen hinsichtlich der Verarbeitung Ihrer personenbezogenen Daten umfassende Betroffenenrechte (Auskunfts- und Interventionsrechte), \u00fcber die wir Sie nachstehend informieren: Auskunftsrecht gem\u00e4\u00df Art. 15 DSGVO: Sie haben insbesondere ein Recht auf Auskunft \u00fcber Ihre von uns verarbeiteten personenbezogenen Daten, die Verarbeitungszwecke, die Kategorien der verarbeiteten personenbezogenen Daten, die Empf\u00e4nger oder Kategorien von Empf\u00e4ngern, gegen\u00fcber denen Ihre Daten offengelegt wurden oder werden, die geplante Speicherdauer bzw. die Kriterien f\u00fcr die Festlegung der Speicherdauer, das Bestehen eines Rechts auf Berichtigung, L\u00f6schung, Einschr\u00e4nkung der Verarbeitung, Widerspruch gegen die Verarbeitung, Beschwerde bei einer Aufsichtsbeh\u00f6rde, die Herkunft Ihrer Daten, wenn diese nicht durch uns bei Ihnen erhoben wurden, das Bestehen einer automatisierten Entscheidungsfindung einschlie\u00dflich Profiling und ggf. aussagekr\u00e4ftige Informationen \u00fcber die involvierte Logik und die Sie betreffende Tragweite und die angestrebten Auswirkungen einer solchen Verarbeitung, sowie Ihr Recht auf Unterrichtung, welche Garantien gem\u00e4\u00df Art. 46 DSGVO bei Weiterleitung Ihrer Daten in Drittl\u00e4nder bestehen;<\/p>\n\n\n\n<p class=\"has-small-font-size\">Recht auf Berichtigung gem\u00e4\u00df Art. 16 DSGVO: Sie haben ein Recht auf unverz\u00fcgliche Berichtigung Sie betreffender unrichtiger Daten und\/oder Vervollst\u00e4ndigung Ihrer bei uns gespeicherten unvollst\u00e4ndigen Daten;<\/p>\n\n\n\n<p class=\"has-small-font-size\">Recht auf L\u00f6schung gem\u00e4\u00df Art. 17 DSGVO: Sie haben das Recht, die L\u00f6schung Ihrer personenbezogenen Daten bei Vorliegen der Voraussetzungen des Art. 17 Abs. 1 DSGVO zu verlangen. Dieses Recht besteht jedoch insbesondere dann nicht, wenn die Verarbeitung zur Aus\u00fcbung des Rechts auf freie Meinungs\u00e4u\u00dferung und Information, zur Erf\u00fcllung einer rechtlichen Verpflichtung, aus Gr\u00fcnden des \u00f6ffentlichen Interesses oder zur Geltendmachung, Aus\u00fcbung oder Verteidigung von Rechtsanspr\u00fcchen erforderlich ist;<\/p>\n\n\n\n<p class=\"has-small-font-size\">Recht auf Einschr\u00e4nkung der Verarbeitung gem\u00e4\u00df Art. 18 DSGVO: Sie haben das Recht, die Einschr\u00e4nkung der Verarbeitung Ihrer personenbezogenen Daten zu verlangen, solange die von Ihnen bestrittene Richtigkeit Ihrer Daten \u00fcberpr\u00fcft wird, wenn Sie eine L\u00f6schung Ihrer Daten wegen unzul\u00e4ssiger Datenverarbeitung ablehnen und stattdessen die Einschr\u00e4nkung der Verarbeitung Ihrer Daten verlangen, wenn Sie Ihre Daten zur Geltendmachung, Aus\u00fcbung oder Verteidigung von Rechtsanspr\u00fcchen ben\u00f6tigen, nachdem wir diese Daten nach Zweckerreichung nicht mehr ben\u00f6tigen oder wenn Sie Widerspruch aus Gr\u00fcnden Ihrer besonderen Situation eingelegt haben, solange noch nicht feststeht, ob unsere berechtigten Gr\u00fcnde \u00fcberwiegen;<\/p>\n\n\n\n<p class=\"has-small-font-size\">Recht auf Unterrichtung gem\u00e4\u00df Art. 19 DSGVO: Haben Sie das Recht auf Berichtigung, L\u00f6schung oder Einschr\u00e4nkung der Verarbeitung gegen\u00fcber dem Verantwortlichen geltend gemacht, ist dieser verpflichtet, allen Empf\u00e4ngern, denen die Sie betreffenden personenbezogenen Daten offengelegt wurden, diese Berichtigung oder L\u00f6schung der Daten oder Einschr\u00e4nkung der Verarbeitung mitzuteilen, es sei denn, dies erweist sich als unm\u00f6glich oder ist mit einem unverh\u00e4ltnism\u00e4\u00dfigen Aufwand verbunden. Ihnen steht das Recht zu, \u00fcber diese Empf\u00e4nger unterrichtet zu werden.<\/p>\n\n\n\n<p class=\"has-small-font-size\">Recht auf Daten\u00fcbertragbarkeit gem\u00e4\u00df Art. 20 DSGVO: Sie haben das Recht, Ihre personenbezogenen Daten, die Sie uns bereitgestellt haben, in einem strukturierten, g\u00e4ngigen und maschinenlesebaren Format zu erhalten oder die \u00dcbermittlung an einen anderen Verantwortlichen zu verlangen, soweit dies technisch machbar ist; Recht auf Widerruf erteilter Einwilligungen gem\u00e4\u00df Art. 7 Abs. 3 DSGVO: Sie haben das Recht, eine einmal erteilte Einwilligung in die Verarbeitung von Daten jederzeit mit Wirkung f\u00fcr die Zukunft zu widerrufen. Im Falle des Widerrufs werden wir die betroffenen Daten unverz\u00fcglich l\u00f6schen, sofern eine weitere Verarbeitung nicht auf eine Rechtsgrundlage zur einwilligungslosen Verarbeitung gest\u00fctzt werden kann. Durch den Widerruf der Einwilligung wird die Rechtm\u00e4\u00dfigkeit der aufgrund der Einwilligung bis zum Widerruf erfolgten Verarbeitung nicht ber\u00fchrt;<\/p>\n\n\n\n<p class=\"has-small-font-size\">Recht auf Beschwerde gem\u00e4\u00df Art. 77 DSGVO: Wenn Sie der Ansicht sind, dass die Verarbeitung der Sie betreffenden personenbezogenen Daten gegen die DSGVO verst\u00f6\u00dft, haben Sie &#8211; unbeschadet eines anderweitigen verwaltungsrechtlichen oder gerichtlichen Rechtsbehelfs &#8211; das Recht auf Beschwerde bei einer Aufsichtsbeh\u00f6rde, insbesondere in dem Mitgliedstaat Ihres Aufenthaltsortes, Ihres Arbeitsplatzes oder des Ortes des mutma\u00dflichen Versto\u00dfes.<\/p>\n\n\n\n<p class=\"has-small-font-size\">SICHERHEIT DER DATEN Wir sind um die Sicherheit Ihrer Daten im Rahmen der geltenden Datenschutzgesetze bem\u00fcht. Aus diesem Grund erfolgt die \u00dcbermittlung von Daten und Informationen auf unseren Server und an die mit uns verbundenen Vertragspartner grunds\u00e4tzlich verschl\u00fcsselt. Wir weisen jedoch darauf hin, dass keine elektronische Kommunikation vollkommen sicher ist. Das bedeutet, dass alle Daten und Informationen, die Sie freiwillig an uns \u00fcbermitteln, von Dritten im Wege einer widerrechtlichen Datenbeschaffung erlangt werden k\u00f6nnen. F\u00fcr die Offenlegung von Informationen aufgrund von Fehlern und\/oder unautorisiertem Zugriff bei der Daten\u00fcbertragung durch Dritte k\u00f6nnen wir keine Verantwortung oder Haftung \u00fcbernehmen.<\/p>\n\n\n\n<p class=\"has-small-font-size\">BESTEHEN EINES BESCHWERDERECHTS Sie haben das Recht bei einer Aufsichtsbeh\u00f6rde Beschwerde zu erheben.<\/p>\n\n\n\n<p class=\"has-small-font-size\">ABRUFBARKEIT DER DATENSCHUTZBESTIMMUNG Sie k\u00f6nnen die Datenschutzerkl\u00e4rung von jeder Seite der Domain www.impreasso.de unter dem Link \u201eDatenschutz\u201c abrufen und ausdrucken. Wir weisen Sie darauf hin, dass mit dem Verlassen unserer Webseite durch Anklicken von Links auf der Webseite die Datenschutzbestimmungen der jeweiligen Internetseiten-Betreiber Anwendung finden, die von den vorliegenden Datenschutzbestimmungen abweichen k\u00f6nnen.<\/p>\n\n\n\n<p class=\"has-small-font-size\">Anbieter gem. \u00a7 5 TMG:<\/p>\n\n\n\n<p class=\"has-small-font-size\">impreasso fotos<br>Petra Valentin<br>Obernhainer Weg 40<br>61273 Wehrheim<br>www.impreasso.de<br>foto@impreasso.de<\/p>\n","protected":false},"excerpt":{"rendered":"<p>Datenschutzerkl\u00e4rung Keine WeitergabeEine Weitergabe pers\u00f6nlicher Daten an Dritte erfolgt nicht. Die Nutzung unserer Webseite ist ohne Angabe personenbezogener Daten m\u00f6glich. Soweit auf unseren Seiten personenbezogene Daten (beispielsweise Name, Anschrift oder E-Mail-Adressen) erhoben werden, erfolgt dies in der Regel im Rahmen des Bestellvorgangs. Diese Daten werden nicht an Dritte weitergegeben. Wir weisen darauf hin, dass generell [&hellip;]<\/p>\n","protected":false},"author":1,"featured_media":0,"parent":0,"menu_order":0,"comment_status":"closed","ping_status":"closed","template":"","meta":{"footnotes":""},"class_list":["post-30","page","type-page","status-publish","hentry"],"_links":{"self":[{"href":"https:\/\/impreasso.de\/index.php?rest_route=\/wp\/v2\/pages\/30","targetHints":{"allow":["GET"]}}],"collection":[{"href":"https:\/\/impreasso.de\/index.php?rest_route=\/wp\/v2\/pages"}],"about":[{"href":"https:\/\/impreasso.de\/index.php?rest_route=\/wp\/v2\/types\/page"}],"author":[{"embeddable":true,"href":"https:\/\/impreasso.de\/index.php?rest_route=\/wp\/v2\/users\/1"}],"replies":[{"embeddable":true,"href":"https:\/\/impreasso.de\/index.php?rest_route=%2Fwp%2Fv2%2Fcomments&post=30"}],"version-history":[{"count":1,"href":"https:\/\/impreasso.de\/index.php?rest_route=\/wp\/v2\/pages\/30\/revisions"}],"predecessor-version":[{"id":31,"href":"https:\/\/impreasso.de\/index.php?rest_route=\/wp\/v2\/pages\/30\/revisions\/31"}],"wp:attachment":[{"href":"https:\/\/impreasso.de\/index.php?rest_route=%2Fwp%2Fv2%2Fmedia&parent=30"}],"curies":[{"name":"wp","href":"https:\/\/api.w.org\/{rel}","templated":true}]}}